{"id":46,"date":"2023-07-29T19:23:48","date_gmt":"2023-07-29T19:23:48","guid":{"rendered":"https:\/\/bografik.ca\/?page_id=46"},"modified":"2025-11-15T16:54:44","modified_gmt":"2025-11-15T16:54:44","slug":"about","status":"publish","type":"page","link":"https:\/\/bografik.ca\/fr\/about\/","title":{"rendered":"\u00c0 propos"},"content":{"rendered":"<div data-elementor-type=\"wp-page\" data-elementor-id=\"46\" class=\"elementor elementor-46\" data-elementor-post-type=\"page\">\n\t\t\t\t<div class=\"elementor-element elementor-element-533240b0 e-con-full e-flex e-con e-parent\" data-id=\"533240b0\" data-element_type=\"container\" data-e-type=\"container\" data-settings=\"{&quot;background_background&quot;:&quot;classic&quot;}\">\n\t\t<div class=\"elementor-element elementor-element-58f7331 e-flex e-con-boxed e-con e-child\" data-id=\"58f7331\" data-element_type=\"container\" data-e-type=\"container\">\n\t\t\t\t\t<div class=\"e-con-inner\">\n\t\t\t\t<div class=\"elementor-element elementor-element-a6fe840 elementor-widget elementor-widget-heading\" data-id=\"a6fe840\" data-element_type=\"widget\" data-e-type=\"widget\" data-widget_type=\"heading.default\">\n\t\t\t\t<div class=\"elementor-widget-container\">\n\t\t\t\t\t<p class=\"elementor-heading-title elementor-size-default\">D\u00e9couvrez le plaisir de travailler ensemble<\/p>\t\t\t\t<\/div>\n\t\t\t\t<\/div>\n\t\t\t\t<div class=\"elementor-element elementor-element-fd0ed60 elementor-widget elementor-widget-heading\" data-id=\"fd0ed60\" data-element_type=\"widget\" data-e-type=\"widget\" data-widget_type=\"heading.default\">\n\t\t\t\t<div class=\"elementor-widget-container\">\n\t\t\t\t\t<h2 class=\"elementor-heading-title elementor-size-default\">Tous pour un, un r\u00f4le pour tous !<\/h2>\t\t\t\t<\/div>\n\t\t\t\t<\/div>\n\t\t\t\t\t<\/div>\n\t\t\t\t<\/div>\n\t\t\t\t<\/div>\n\t\t<div class=\"elementor-element elementor-element-c81ab13 e-con-full e-flex e-con e-parent\" data-id=\"c81ab13\" data-element_type=\"container\" data-e-type=\"container\" data-settings=\"{&quot;background_background&quot;:&quot;classic&quot;}\">\n\t\t<div class=\"elementor-element elementor-element-69a3a88a e-con-full e-flex e-con e-child\" data-id=\"69a3a88a\" data-element_type=\"container\" data-e-type=\"container\" data-settings=\"{&quot;background_background&quot;:&quot;classic&quot;}\">\n\t\t\t\t<\/div>\n\t\t<div class=\"elementor-element elementor-element-4d03ee0 e-con-full e-flex e-con e-child\" data-id=\"4d03ee0\" data-element_type=\"container\" data-e-type=\"container\" data-settings=\"{&quot;background_background&quot;:&quot;classic&quot;}\">\n\t\t\t\t<div class=\"elementor-element elementor-element-62fe92b0 e-transform e-transform elementor-widget elementor-widget-heading\" data-id=\"62fe92b0\" data-element_type=\"widget\" data-e-type=\"widget\" data-settings=\"{&quot;_transform_flipX_effect&quot;:&quot;transform&quot;,&quot;_transform_flipY_effect&quot;:&quot;transform&quot;}\" data-widget_type=\"heading.default\">\n\t\t\t\t<div class=\"elementor-widget-container\">\n\t\t\t\t\t<h2 class=\"elementor-heading-title elementor-size-default\">,,<\/h2>\t\t\t\t<\/div>\n\t\t\t\t<\/div>\n\t\t\t\t<div class=\"elementor-element elementor-element-337778a7 elementor-widget elementor-widget-testimonial\" data-id=\"337778a7\" data-element_type=\"widget\" data-e-type=\"widget\" data-widget_type=\"testimonial.default\">\n\t\t\t\t<div class=\"elementor-widget-container\">\n\t\t\t\t\t\t\t<div class=\"elementor-testimonial-wrapper\">\n\t\t\t\t\t\t\t<div class=\"elementor-testimonial-content\">Cr\u00e9ez des concepts visuels, communiquez des id\u00e9es qui inspirent, informent et captivent.<br><\/div>\n\t\t\t\n\t\t\t\t\t\t<div class=\"elementor-testimonial-meta\">\n\t\t\t\t<div class=\"elementor-testimonial-meta-inner\">\n\t\t\t\t\t\n\t\t\t\t\t\t\t\t\t\t<div class=\"elementor-testimonial-details\">\n\t\t\t\t\t\t\t\t\t\t\t\t\t\t<div class=\"elementor-testimonial-name\">Cr\u00e9ations Bografik<\/div>\n\t\t\t\t\t\t\t\t\t\t\t\t\t\t\t\t\t\t\t<\/div>\n\t\t\t\t\t\t\t\t\t<\/div>\n\t\t\t<\/div>\n\t\t\t\t\t<\/div>\n\t\t\t\t\t\t<\/div>\n\t\t\t\t<\/div>\n\t\t\t\t<\/div>\n\t\t\t\t<\/div>\n\t\t<div class=\"elementor-element elementor-element-33aab814 e-con-full e-flex e-con e-parent\" data-id=\"33aab814\" data-element_type=\"container\" data-e-type=\"container\" data-settings=\"{&quot;background_background&quot;:&quot;classic&quot;}\">\n\t\t<div class=\"elementor-element elementor-element-11b2a408 e-flex e-con-boxed e-con e-child\" data-id=\"11b2a408\" data-element_type=\"container\" data-e-type=\"container\" data-settings=\"{&quot;background_background&quot;:&quot;classic&quot;}\">\n\t\t\t\t\t<div class=\"e-con-inner\">\n\t\t<div class=\"elementor-element elementor-element-4ecf959a e-con-full e-flex e-con e-child\" data-id=\"4ecf959a\" data-element_type=\"container\" data-e-type=\"container\" data-settings=\"{&quot;background_background&quot;:&quot;classic&quot;}\">\n\t\t\t\t<div class=\"elementor-element elementor-element-457d3cd5 elementor-view-default elementor-position-block-start elementor-mobile-position-block-start elementor-invisible elementor-widget elementor-widget-icon-box\" data-id=\"457d3cd5\" data-element_type=\"widget\" data-e-type=\"widget\" data-settings=\"{&quot;_animation&quot;:&quot;fadeInUp&quot;}\" data-widget_type=\"icon-box.default\">\n\t\t\t\t<div class=\"elementor-widget-container\">\n\t\t\t\t\t\t\t<div class=\"elementor-icon-box-wrapper\">\n\n\t\t\t\t\t\t<div class=\"elementor-icon-box-icon\">\n\t\t\t\t<span  class=\"elementor-icon\">\n\t\t\t\t<svg aria-hidden=\"true\" class=\"e-font-icon-svg e-far-thumbs-up\" viewbox=\"0 0 512 512\" xmlns=\"http:\/\/www.w3.org\/2000\/svg\"><path d=\"M466.27 286.69C475.04 271.84 480 256 480 236.85c0-44.015-37.218-85.58-85.82-85.58H357.7c4.92-12.81 8.85-28.13 8.85-46.54C366.55 31.936 328.86 0 271.28 0c-61.607 0-58.093 94.933-71.76 108.6-22.747 22.747-49.615 66.447-68.76 83.4H32c-17.673 0-32 14.327-32 32v240c0 17.673 14.327 32 32 32h64c14.893 0 27.408-10.174 30.978-23.95 44.509 1.001 75.06 39.94 177.802 39.94 7.22 0 15.22.01 22.22.01 77.117 0 111.986-39.423 112.94-95.33 13.319-18.425 20.299-43.122 17.34-66.99 9.854-18.452 13.664-40.343 8.99-62.99zm-61.75 53.83c12.56 21.13 1.26 49.41-13.94 57.57 7.7 48.78-17.608 65.9-53.12 65.9h-37.82c-71.639 0-118.029-37.82-171.64-37.82V240h10.92c28.36 0 67.98-70.89 94.54-97.46 28.36-28.36 18.91-75.63 37.82-94.54 47.27 0 47.27 32.98 47.27 56.73 0 39.17-28.36 56.72-28.36 94.54h103.99c21.11 0 37.73 18.91 37.82 37.82.09 18.9-12.82 37.81-22.27 37.81 13.489 14.555 16.371 45.236-5.21 65.62zM88 432c0 13.255-10.745 24-24 24s-24-10.745-24-24 10.745-24 24-24 24 10.745 24 24z\"><\/path><\/svg>\t\t\t\t<\/span>\n\t\t\t<\/div>\n\t\t\t\n\t\t\t\t\t\t<div class=\"elementor-icon-box-content\">\n\n\t\t\t\t\t\t\t\t\t<h3 class=\"elementor-icon-box-title\">\n\t\t\t\t\t\t<span  >\n\t\t\t\t\t\t\tExp\u00e9rience\t\t\t\t\t\t<\/span>\n\t\t\t\t\t<\/h3>\n\t\t\t\t\n\t\t\t\t\t\t\t\t\t<p class=\"elementor-icon-box-description\">\n\t\t\t\t\t\tForts de plus de 13 ans d&#039;exp\u00e9rience en conception graphique, web, impression et \u00e9v\u00e9nementiel, nous avons collabor\u00e9 avec de nombreuses entreprises, dont plusieurs de renom.\t\t\t\t\t<\/p>\n\t\t\t\t\n\t\t\t<\/div>\n\t\t\t\n\t\t<\/div>\n\t\t\t\t\t\t<\/div>\n\t\t\t\t<\/div>\n\t\t\t\t<\/div>\n\t\t<div class=\"elementor-element elementor-element-7e4a3ef2 e-con-full e-flex e-con e-child\" data-id=\"7e4a3ef2\" data-element_type=\"container\" data-e-type=\"container\">\n\t\t\t\t<div class=\"elementor-element elementor-element-4d139e89 elementor-view-default elementor-position-block-start elementor-mobile-position-block-start elementor-invisible elementor-widget elementor-widget-icon-box\" data-id=\"4d139e89\" data-element_type=\"widget\" data-e-type=\"widget\" data-settings=\"{&quot;_animation&quot;:&quot;fadeInUp&quot;,&quot;_animation_delay&quot;:&quot;200&quot;}\" data-widget_type=\"icon-box.default\">\n\t\t\t\t<div class=\"elementor-widget-container\">\n\t\t\t\t\t\t\t<div class=\"elementor-icon-box-wrapper\">\n\n\t\t\t\t\t\t<div class=\"elementor-icon-box-icon\">\n\t\t\t\t<span  class=\"elementor-icon\">\n\t\t\t\t<svg aria-hidden=\"true\" class=\"e-font-icon-svg e-far-grin-stars\" viewbox=\"0 0 496 512\" xmlns=\"http:\/\/www.w3.org\/2000\/svg\"><path d=\"M248 8C111 8 0 119 0 256s111 248 248 248 248-111 248-248S385 8 248 8zm0 448c-110.3 0-200-89.7-200-200S137.7 56 248 56s200 89.7 200 200-89.7 200-200 200zm105.6-151.4c-25.9 8.3-64.4 13.1-105.6 13.1s-79.6-4.8-105.6-13.1c-9.8-3.1-19.4 5.3-17.7 15.3 7.9 47.2 71.3 80 123.3 80s115.3-32.9 123.3-80c1.6-9.8-7.7-18.4-17.7-15.3zm-227.9-57.5c-1 6.2 5.4 11 11 7.9l31.3-16.3 31.3 16.3c5.6 3.1 12-1.7 11-7.9l-6-34.9 25.4-24.6c4.5-4.5 1.9-12.2-4.3-13.2l-34.9-5-15.5-31.6c-2.9-5.8-11-5.8-13.9 0l-15.5 31.6-34.9 5c-6.2.9-8.9 8.6-4.3 13.2l25.4 24.6-6.1 34.9zm259.7-72.7l-34.9-5-15.5-31.6c-2.9-5.8-11-5.8-13.9 0l-15.5 31.6-34.9 5c-6.2.9-8.9 8.6-4.3 13.2l25.4 24.6-6 34.9c-1 6.2 5.4 11 11 7.9l31.3-16.3 31.3 16.3c5.6 3.1 12-1.7 11-7.9l-6-34.9 25.4-24.6c4.5-4.6 1.8-12.2-4.4-13.2z\"><\/path><\/svg>\t\t\t\t<\/span>\n\t\t\t<\/div>\n\t\t\t\n\t\t\t\t\t\t<div class=\"elementor-icon-box-content\">\n\n\t\t\t\t\t\t\t\t\t<h3 class=\"elementor-icon-box-title\">\n\t\t\t\t\t\t<span  >\n\t\t\t\t\t\t\tMeilleure note\t\t\t\t\t\t<\/span>\n\t\t\t\t\t<\/h3>\n\t\t\t\t\n\t\t\t\t\t\t\t\t\t<p class=\"elementor-icon-box-description\">\n\t\t\t\t\t\t* Fournir un travail de haute qualit\u00e9.<br>\n* Travailler dans des d\u00e9lais tr\u00e8s serr\u00e9s.<br>\n* Maintenir une communication efficace avec les collaborateurs.\t\t\t\t\t<\/p>\n\t\t\t\t\n\t\t\t<\/div>\n\t\t\t\n\t\t<\/div>\n\t\t\t\t\t\t<\/div>\n\t\t\t\t<\/div>\n\t\t\t\t<\/div>\n\t\t<div class=\"elementor-element elementor-element-77b03c74 e-con-full e-flex e-con e-child\" data-id=\"77b03c74\" data-element_type=\"container\" data-e-type=\"container\">\n\t\t\t\t<div class=\"elementor-element elementor-element-3ef4b86a elementor-view-default elementor-position-block-start elementor-mobile-position-block-start elementor-invisible elementor-widget elementor-widget-icon-box\" data-id=\"3ef4b86a\" data-element_type=\"widget\" data-e-type=\"widget\" data-settings=\"{&quot;_animation&quot;:&quot;fadeInUp&quot;,&quot;_animation_delay&quot;:&quot;400&quot;}\" data-widget_type=\"icon-box.default\">\n\t\t\t\t<div class=\"elementor-widget-container\">\n\t\t\t\t\t\t\t<div class=\"elementor-icon-box-wrapper\">\n\n\t\t\t\t\t\t<div class=\"elementor-icon-box-icon\">\n\t\t\t\t<span  class=\"elementor-icon\">\n\t\t\t\t<svg aria-hidden=\"true\" class=\"e-font-icon-svg e-far-bookmark\" viewbox=\"0 0 384 512\" xmlns=\"http:\/\/www.w3.org\/2000\/svg\"><path d=\"M336 0H48C21.49 0 0 21.49 0 48v464l192-112 192 112V48c0-26.51-21.49-48-48-48zm0 428.43l-144-84-144 84V54a6 6 0 0 1 6-6h276c3.314 0 6 2.683 6 5.996V428.43z\"><\/path><\/svg>\t\t\t\t<\/span>\n\t\t\t<\/div>\n\t\t\t\n\t\t\t\t\t\t<div class=\"elementor-icon-box-content\">\n\n\t\t\t\t\t\t\t\t\t<h3 class=\"elementor-icon-box-title\">\n\t\t\t\t\t\t<span  >\n\t\t\t\t\t\t\texpert du secteur\t\t\t\t\t\t<\/span>\n\t\t\t\t\t<\/h3>\n\t\t\t\t\n\t\t\t\t\t\t\t\t\t<p class=\"elementor-icon-box-description\">\n\t\t\t\t\t\t* Conception graphique<div>* Conception et d\u00e9veloppement web<\/div><div>* Image de marque<\/div><div>* Processus d&#039;impression<\/div><div><span style=\"letter-spacing: 0.1px\">* D\u00e9veloppement de concepts innovants, \u00e9cologiques et durables.<\/span><span style=\"letter-spacing: 0.1px\"><\/span><\/div>\t\t\t\t\t<\/p>\n\t\t\t\t\n\t\t\t<\/div>\n\t\t\t\n\t\t<\/div>\n\t\t\t\t\t\t<\/div>\n\t\t\t\t<\/div>\n\t\t\t\t<\/div>\n\t\t\t\t\t<\/div>\n\t\t\t\t<\/div>\n\t\t\t\t<\/div>\n\t\t\t\t<\/div>","protected":false},"excerpt":{"rendered":"<p>Discover the fun of working together All for one, one role for all! ,, Create visual concepts, communicate ideas that inspire, inform and captivate. Bografik Creations Experience With over 13 years\u2019 experience in graphic design, Web, Printing process et Events. We\u2019ve worked with a wide range of companies, many of them very popular! Top-rated * [&hellip;]<\/p>\n","protected":false},"author":1,"featured_media":211,"parent":0,"menu_order":0,"comment_status":"closed","ping_status":"closed","template":"elementor_header_footer","meta":{"nf_dc_page":"","footnotes":""},"class_list":["post-46","page","type-page","status-publish","has-post-thumbnail","hentry"],"yoast_head":"<!-- This site is optimized with the Yoast SEO Premium plugin v22.2 (Yoast SEO v27.4) - https:\/\/yoast.com\/product\/yoast-seo-premium-wordpress\/ -->\n<title>Top Graphic Designer | BoGrafik\u00ae<\/title>\n<meta name=\"description\" content=\"Cheaper than an agency, provide a variety of professional graphic design and web dev services for your product, brand or personal project.\" \/>\n<meta name=\"robots\" content=\"index, follow, max-snippet:-1, max-image-preview:large, max-video-preview:-1\" \/>\n<link rel=\"canonical\" href=\"https:\/\/bografik.ca\/fr\/about\/\" \/>\n<meta property=\"og:locale\" content=\"fr_CA\" \/>\n<meta property=\"og:type\" content=\"article\" \/>\n<meta property=\"og:title\" content=\"About\" \/>\n<meta property=\"og:description\" content=\"Cheaper than an agency, provide a variety of professional graphic design and web dev services for your product, brand or personal project.\" \/>\n<meta property=\"og:url\" content=\"https:\/\/bografik.ca\/fr\/about\/\" \/>\n<meta property=\"og:site_name\" content=\"BoGrafik\" \/>\n<meta property=\"article:publisher\" content=\"https:\/\/www.facebook.com\/profile.php?id=100095561349352\" \/>\n<meta property=\"article:modified_time\" content=\"2025-11-15T16:54:44+00:00\" \/>\n<meta property=\"og:image\" content=\"https:\/\/bografik.ca\/wp-content\/uploads\/2023\/07\/bografik-hero.jpg\" \/>\n\t<meta property=\"og:image:width\" content=\"1920\" \/>\n\t<meta property=\"og:image:height\" content=\"970\" \/>\n\t<meta property=\"og:image:type\" content=\"image\/jpeg\" \/>\n<meta name=\"twitter:card\" content=\"summary_large_image\" \/>\n<meta name=\"twitter:label1\" content=\"Estimation du temps de lecture\" \/>\n\t<meta name=\"twitter:data1\" content=\"1 minute\" \/>\n<script type=\"application\/ld+json\" class=\"yoast-schema-graph\">{\"@context\":\"https:\\\/\\\/schema.org\",\"@graph\":[{\"@type\":\"WebPage\",\"@id\":\"https:\\\/\\\/bografik.ca\\\/about\\\/\",\"url\":\"https:\\\/\\\/bografik.ca\\\/about\\\/\",\"name\":\"Top Graphic Designer | BoGrafik\u00ae\",\"isPartOf\":{\"@id\":\"https:\\\/\\\/bografik.ca\\\/#website\"},\"primaryImageOfPage\":{\"@id\":\"https:\\\/\\\/bografik.ca\\\/about\\\/#primaryimage\"},\"image\":{\"@id\":\"https:\\\/\\\/bografik.ca\\\/about\\\/#primaryimage\"},\"thumbnailUrl\":\"https:\\\/\\\/i0.wp.com\\\/bografik.ca\\\/wp-content\\\/uploads\\\/2023\\\/07\\\/bografik-hero.jpg?fit=1920%2C970&ssl=1\",\"datePublished\":\"2023-07-29T19:23:48+00:00\",\"dateModified\":\"2025-11-15T16:54:44+00:00\",\"description\":\"Cheaper than an agency, provide a variety of professional graphic design and web dev services for your product, brand or personal project.\",\"breadcrumb\":{\"@id\":\"https:\\\/\\\/bografik.ca\\\/about\\\/#breadcrumb\"},\"inLanguage\":\"fr-CA\",\"potentialAction\":[{\"@type\":\"ReadAction\",\"target\":[\"https:\\\/\\\/bografik.ca\\\/about\\\/\"]}]},{\"@type\":\"ImageObject\",\"inLanguage\":\"fr-CA\",\"@id\":\"https:\\\/\\\/bografik.ca\\\/about\\\/#primaryimage\",\"url\":\"https:\\\/\\\/i0.wp.com\\\/bografik.ca\\\/wp-content\\\/uploads\\\/2023\\\/07\\\/bografik-hero.jpg?fit=1920%2C970&ssl=1\",\"contentUrl\":\"https:\\\/\\\/i0.wp.com\\\/bografik.ca\\\/wp-content\\\/uploads\\\/2023\\\/07\\\/bografik-hero.jpg?fit=1920%2C970&ssl=1\",\"width\":1920,\"height\":970},{\"@type\":\"BreadcrumbList\",\"@id\":\"https:\\\/\\\/bografik.ca\\\/about\\\/#breadcrumb\",\"itemListElement\":[{\"@type\":\"ListItem\",\"position\":1,\"name\":\"Home\",\"item\":\"https:\\\/\\\/bografik.ca\\\/\"},{\"@type\":\"ListItem\",\"position\":2,\"name\":\"About\"}]},{\"@type\":\"WebSite\",\"@id\":\"https:\\\/\\\/bografik.ca\\\/#website\",\"url\":\"https:\\\/\\\/bografik.ca\\\/\",\"name\":\"BoGrafik\",\"description\":\"bografik.ca\",\"publisher\":{\"@id\":\"https:\\\/\\\/bografik.ca\\\/#\\\/schema\\\/person\\\/58f7b739bcdb011115fcf2416aa69ae3\"},\"potentialAction\":[{\"@type\":\"SearchAction\",\"target\":{\"@type\":\"EntryPoint\",\"urlTemplate\":\"https:\\\/\\\/bografik.ca\\\/?s={search_term_string}\"},\"query-input\":{\"@type\":\"PropertyValueSpecification\",\"valueRequired\":true,\"valueName\":\"search_term_string\"}}],\"inLanguage\":\"fr-CA\"},{\"@type\":[\"Person\",\"Organization\"],\"@id\":\"https:\\\/\\\/bografik.ca\\\/#\\\/schema\\\/person\\\/58f7b739bcdb011115fcf2416aa69ae3\",\"name\":\"BoGrafik\",\"image\":{\"@type\":\"ImageObject\",\"inLanguage\":\"fr-CA\",\"@id\":\"https:\\\/\\\/i0.wp.com\\\/bografik.ca\\\/wp-content\\\/uploads\\\/2023\\\/08\\\/bografik-creations-logo.png?fit=1500%2C500&ssl=1\",\"url\":\"https:\\\/\\\/i0.wp.com\\\/bografik.ca\\\/wp-content\\\/uploads\\\/2023\\\/08\\\/bografik-creations-logo.png?fit=1500%2C500&ssl=1\",\"contentUrl\":\"https:\\\/\\\/i0.wp.com\\\/bografik.ca\\\/wp-content\\\/uploads\\\/2023\\\/08\\\/bografik-creations-logo.png?fit=1500%2C500&ssl=1\",\"width\":1500,\"height\":500,\"caption\":\"BoGrafik\"},\"logo\":{\"@id\":\"https:\\\/\\\/i0.wp.com\\\/bografik.ca\\\/wp-content\\\/uploads\\\/2023\\\/08\\\/bografik-creations-logo.png?fit=1500%2C500&ssl=1\"},\"sameAs\":[\"https:\\\/\\\/bografik.ca\\\/\",\"https:\\\/\\\/www.facebook.com\\\/profile.php?id=100095561349352\",\"https:\\\/\\\/www.instagram.com\\\/bografik.ca\\\/\"]}]}<\/script>\n<!-- \/ Yoast SEO Premium plugin. -->","yoast_head_json":{"title":"Top Graphic Designer | BoGrafik\u00ae","description":"Cheaper than an agency, provide a variety of professional graphic design and web dev services for your product, brand or personal project.","robots":{"index":"index","follow":"follow","max-snippet":"max-snippet:-1","max-image-preview":"max-image-preview:large","max-video-preview":"max-video-preview:-1"},"canonical":"https:\/\/bografik.ca\/fr\/about\/","og_locale":"fr_CA","og_type":"article","og_title":"About","og_description":"Cheaper than an agency, provide a variety of professional graphic design and web dev services for your product, brand or personal project.","og_url":"https:\/\/bografik.ca\/fr\/about\/","og_site_name":"BoGrafik","article_publisher":"https:\/\/www.facebook.com\/profile.php?id=100095561349352","article_modified_time":"2025-11-15T16:54:44+00:00","og_image":[{"width":1920,"height":970,"url":"https:\/\/bografik.ca\/wp-content\/uploads\/2023\/07\/bografik-hero.jpg","type":"image\/jpeg"}],"twitter_card":"summary_large_image","twitter_misc":{"Estimation du temps de lecture":"1 minute"},"schema":{"@context":"https:\/\/schema.org","@graph":[{"@type":"WebPage","@id":"https:\/\/bografik.ca\/about\/","url":"https:\/\/bografik.ca\/about\/","name":"Top Graphic Designer | BoGrafik\u00ae","isPartOf":{"@id":"https:\/\/bografik.ca\/#website"},"primaryImageOfPage":{"@id":"https:\/\/bografik.ca\/about\/#primaryimage"},"image":{"@id":"https:\/\/bografik.ca\/about\/#primaryimage"},"thumbnailUrl":"https:\/\/i0.wp.com\/bografik.ca\/wp-content\/uploads\/2023\/07\/bografik-hero.jpg?fit=1920%2C970&ssl=1","datePublished":"2023-07-29T19:23:48+00:00","dateModified":"2025-11-15T16:54:44+00:00","description":"Cheaper than an agency, provide a variety of professional graphic design and web dev services for your product, brand or personal project.","breadcrumb":{"@id":"https:\/\/bografik.ca\/about\/#breadcrumb"},"inLanguage":"fr-CA","potentialAction":[{"@type":"ReadAction","target":["https:\/\/bografik.ca\/about\/"]}]},{"@type":"ImageObject","inLanguage":"fr-CA","@id":"https:\/\/bografik.ca\/about\/#primaryimage","url":"https:\/\/i0.wp.com\/bografik.ca\/wp-content\/uploads\/2023\/07\/bografik-hero.jpg?fit=1920%2C970&ssl=1","contentUrl":"https:\/\/i0.wp.com\/bografik.ca\/wp-content\/uploads\/2023\/07\/bografik-hero.jpg?fit=1920%2C970&ssl=1","width":1920,"height":970},{"@type":"BreadcrumbList","@id":"https:\/\/bografik.ca\/about\/#breadcrumb","itemListElement":[{"@type":"ListItem","position":1,"name":"Home","item":"https:\/\/bografik.ca\/"},{"@type":"ListItem","position":2,"name":"About"}]},{"@type":"WebSite","@id":"https:\/\/bografik.ca\/#website","url":"https:\/\/bografik.ca\/","name":"BoGraphik","description":"bografik.ca","publisher":{"@id":"https:\/\/bografik.ca\/#\/schema\/person\/58f7b739bcdb011115fcf2416aa69ae3"},"potentialAction":[{"@type":"SearchAction","target":{"@type":"EntryPoint","urlTemplate":"https:\/\/bografik.ca\/?s={search_term_string}"},"query-input":{"@type":"PropertyValueSpecification","valueRequired":true,"valueName":"search_term_string"}}],"inLanguage":"fr-CA"},{"@type":["Person","Organization"],"@id":"https:\/\/bografik.ca\/#\/schema\/person\/58f7b739bcdb011115fcf2416aa69ae3","name":"BoGraphik","image":{"@type":"ImageObject","inLanguage":"fr-CA","@id":"https:\/\/i0.wp.com\/bografik.ca\/wp-content\/uploads\/2023\/08\/bografik-creations-logo.png?fit=1500%2C500&ssl=1","url":"https:\/\/i0.wp.com\/bografik.ca\/wp-content\/uploads\/2023\/08\/bografik-creations-logo.png?fit=1500%2C500&ssl=1","contentUrl":"https:\/\/i0.wp.com\/bografik.ca\/wp-content\/uploads\/2023\/08\/bografik-creations-logo.png?fit=1500%2C500&ssl=1","width":1500,"height":500,"caption":"BoGrafik"},"logo":{"@id":"https:\/\/i0.wp.com\/bografik.ca\/wp-content\/uploads\/2023\/08\/bografik-creations-logo.png?fit=1500%2C500&ssl=1"},"sameAs":["https:\/\/bografik.ca\/","https:\/\/www.facebook.com\/profile.php?id=100095561349352","https:\/\/www.instagram.com\/bografik.ca\/"]}]}},"jetpack_sharing_enabled":true,"jetpack_likes_enabled":true,"_links":{"self":[{"href":"https:\/\/bografik.ca\/fr\/wp-json\/wp\/v2\/pages\/46","targetHints":{"allow":["GET"]}}],"collection":[{"href":"https:\/\/bografik.ca\/fr\/wp-json\/wp\/v2\/pages"}],"about":[{"href":"https:\/\/bografik.ca\/fr\/wp-json\/wp\/v2\/types\/page"}],"author":[{"embeddable":true,"href":"https:\/\/bografik.ca\/fr\/wp-json\/wp\/v2\/users\/1"}],"replies":[{"embeddable":true,"href":"https:\/\/bografik.ca\/fr\/wp-json\/wp\/v2\/comments?post=46"}],"version-history":[{"count":17,"href":"https:\/\/bografik.ca\/fr\/wp-json\/wp\/v2\/pages\/46\/revisions"}],"predecessor-version":[{"id":1427,"href":"https:\/\/bografik.ca\/fr\/wp-json\/wp\/v2\/pages\/46\/revisions\/1427"}],"wp:featuredmedia":[{"embeddable":true,"href":"https:\/\/bografik.ca\/fr\/wp-json\/wp\/v2\/media\/211"}],"wp:attachment":[{"href":"https:\/\/bografik.ca\/fr\/wp-json\/wp\/v2\/media?parent=46"}],"curies":[{"name":"wp","href":"https:\/\/api.w.org\/{rel}","templated":true}]}}