{"id":30,"date":"2023-07-29T19:18:39","date_gmt":"2023-07-29T19:18:39","guid":{"rendered":"https:\/\/bografik.ca\/?page_id=30"},"modified":"2026-01-27T17:02:16","modified_gmt":"2026-01-27T17:02:16","slug":"privacy-policy","status":"publish","type":"page","link":"https:\/\/bografik.ca\/fr\/privacy-policy\/","title":{"rendered":"politique de confidentialit\u00e9"},"content":{"rendered":"<div data-elementor-type=\"wp-page\" data-elementor-id=\"30\" class=\"elementor elementor-30\" data-elementor-post-type=\"page\">\n\t\t\t\t<div class=\"elementor-element elementor-element-35b45f8 e-flex e-con-boxed e-con e-parent\" data-id=\"35b45f8\" data-element_type=\"container\" data-e-type=\"container\">\n\t\t\t\t\t<div class=\"e-con-inner\">\n\t\t\t\t<div class=\"elementor-element elementor-element-df7a365 elementor-widget elementor-widget-image\" data-id=\"df7a365\" data-element_type=\"widget\" data-e-type=\"widget\" data-widget_type=\"image.default\">\n\t\t\t\t<div class=\"elementor-widget-container\">\n\t\t\t\t\t\t\t\t\t\t\t\t\t\t\t<img fetchpriority=\"high\" decoding=\"async\" width=\"300\" height=\"169\" src=\"https:\/\/i0.wp.com\/bografik.ca\/wp-content\/uploads\/2023\/08\/bografik-digital-privacy.png?fit=300%2C169&amp;ssl=1\" class=\"attachment-medium size-medium wp-image-779\" alt=\"\" srcset=\"https:\/\/i0.wp.com\/bografik.ca\/wp-content\/uploads\/2023\/08\/bografik-digital-privacy.png?w=1024&amp;ssl=1 1024w, https:\/\/i0.wp.com\/bografik.ca\/wp-content\/uploads\/2023\/08\/bografik-digital-privacy.png?resize=300%2C169&amp;ssl=1 300w, https:\/\/i0.wp.com\/bografik.ca\/wp-content\/uploads\/2023\/08\/bografik-digital-privacy.png?resize=768%2C432&amp;ssl=1 768w, https:\/\/i0.wp.com\/bografik.ca\/wp-content\/uploads\/2023\/08\/bografik-digital-privacy.png?resize=600%2C338&amp;ssl=1 600w\" sizes=\"(max-width: 300px) 100vw, 300px\" \/>\t\t\t\t\t\t\t\t\t\t\t\t\t\t\t<\/div>\n\t\t\t\t<\/div>\n\t\t\t\t\t<\/div>\n\t\t\t\t<\/div>\n\t\t<div class=\"elementor-element elementor-element-ceb579c e-flex e-con-boxed e-con e-parent\" data-id=\"ceb579c\" data-element_type=\"container\" data-e-type=\"container\" data-settings=\"{&quot;background_background&quot;:&quot;classic&quot;}\">\n\t\t\t\t\t<div class=\"e-con-inner\">\n\t\t<div class=\"elementor-element elementor-element-408ccd1 e-con-full e-flex e-con e-child\" data-id=\"408ccd1\" data-element_type=\"container\" data-e-type=\"container\">\n\t\t\t\t<\/div>\n\t\t<div class=\"elementor-element elementor-element-4194eb9 e-con-full e-flex e-con e-child\" data-id=\"4194eb9\" data-element_type=\"container\" data-e-type=\"container\">\n\t\t\t\t<div class=\"elementor-element elementor-element-b153d5f elementor-widget elementor-widget-text-editor\" data-id=\"b153d5f\" data-element_type=\"widget\" data-e-type=\"widget\" data-widget_type=\"text-editor.default\">\n\t\t\t\t<div class=\"elementor-widget-container\">\n\t\t\t\t\t\t\t\t\t<p data-start=\"5382\" data-end=\"5416\"><strong data-start=\"5382\" data-end=\"5416\">Derni\u00e8re mise \u00e0 jour : 27 janvier 2026<\/strong><\/p>\n<p data-start=\"5418\" data-end=\"5693\">\u00c0 <strong data-start=\"5421\" data-end=\"5443\">Cr\u00e9ations Bografik<\/strong> Chez nous (\u201c nous \u201d, \u201c notre \u201d), la protection de vos renseignements personnels et de votre vie priv\u00e9e est une priorit\u00e9. La pr\u00e9sente politique de confidentialit\u00e9 d\u00e9crit comment nous recueillons, utilisons, divulguons, conservons et prot\u00e9geons les renseignements personnels conform\u00e9ment \u00e0 la r\u00e9glementation en vigueur. <strong data-start=\"5645\" data-end=\"5664\">Loi 25 du Qu\u00e9bec<\/strong> et les lois applicables en mati\u00e8re de protection de la vie priv\u00e9e.<\/p>\n<h3 data-start=\"5700\" data-end=\"5722\">1. Responsable de la protection des donn\u00e9es<\/h3>\n<p data-start=\"5724\" data-end=\"5817\">Nous avons nomm\u00e9 un <strong data-start=\"5744\" data-end=\"5763\">Responsable de la protection de la vie priv\u00e9e<\/strong> responsable de veiller au respect de cette politique.<\/p>\n<p data-start=\"5819\" data-end=\"5875\"><strong data-start=\"5819\" data-end=\"5829\">E-mail:<\/strong> <a class=\"decorated-link cursor-pointer\" rel=\"noopener\" data-start=\"5830\" data-end=\"5846\">info@bografik.ca<\/a><br data-start=\"5846\" data-end=\"5849\" \/><strong data-start=\"5849\" data-end=\"5859\">Titre:<\/strong> Responsable de la protection de la vie priv\u00e9e<\/p>\n<p data-start=\"5877\" data-end=\"6013\">Les coordonn\u00e9es du responsable de la protection des donn\u00e9es sont publi\u00e9es ici conform\u00e9ment aux exigences l\u00e9gales.<\/p>\n<h3 data-start=\"6020\" data-end=\"6049\">2. Informations que nous recueillons<\/h3>\n<p data-start=\"6051\" data-end=\"6082\"><strong data-start=\"6051\" data-end=\"6080\">a) Informations facultatives :<\/strong><\/p>\n<ul data-start=\"6083\" data-end=\"6185\">\n<li data-start=\"6083\" data-end=\"6096\">\n<p data-start=\"6085\" data-end=\"6096\">Nom et pr\u00e9nom<\/p>\n<\/li>\n<li data-start=\"6097\" data-end=\"6114\">\n<p data-start=\"6099\" data-end=\"6114\">Adresse email<\/p>\n<\/li>\n<li data-start=\"6115\" data-end=\"6131\">\n<p data-start=\"6117\" data-end=\"6131\">Num\u00e9ro de t\u00e9l\u00e9phone<\/p>\n<\/li>\n<li data-start=\"6132\" data-end=\"6185\">\n<p data-start=\"6134\" data-end=\"6185\">Toute autre donn\u00e9e que vous soumettez via des formulaires ou des messages<\/p>\n<\/li>\n<\/ul>\n<p data-start=\"6187\" data-end=\"6232\"><strong data-start=\"6187\" data-end=\"6230\">b) Informations collect\u00e9es automatiquement\u00a0:<\/strong><\/p>\n<ul data-start=\"6233\" data-end=\"6347\">\n<li data-start=\"6233\" data-end=\"6281\">\n<p data-start=\"6235\" data-end=\"6281\">Adresse IP, type de navigateur, informations sur l&#039;appareil<\/p>\n<\/li>\n<li data-start=\"6282\" data-end=\"6310\">\n<p data-start=\"6284\" data-end=\"6310\">Donn\u00e9es analytiques et d&#039;utilisation<\/p>\n<\/li>\n<li data-start=\"6311\" data-end=\"6347\">\n<p data-start=\"6313\" data-end=\"6347\">Cookies et technologies similaires<\/p>\n<\/li>\n<\/ul>\n<p data-start=\"6349\" data-end=\"6419\">Ces informations nous aident \u00e0 fournir, maintenir et am\u00e9liorer nos services.<\/p>\n<h3 data-start=\"6426\" data-end=\"6459\">3. Base juridique du traitement<\/h3>\n<p data-start=\"6461\" data-end=\"6503\">Nous traitons les informations personnelles uniquement lorsque :<\/p>\n<ul data-start=\"6505\" data-end=\"6712\">\n<li data-start=\"6505\" data-end=\"6608\">\n<p data-start=\"6507\" data-end=\"6608\">Vous donnez <strong data-start=\"6516\" data-end=\"6546\">consentement clair et explicite<\/strong> \u00e0 des fins sp\u00e9cifiques.<\/p>\n<\/li>\n<li data-start=\"6609\" data-end=\"6681\">\n<p data-start=\"6611\" data-end=\"6681\">Il est n\u00e9cessaire d&#039;ex\u00e9cuter un contrat ou de fournir les services demand\u00e9s.<\/p>\n<\/li>\n<li data-start=\"6682\" data-end=\"6712\">\n<p data-start=\"6684\" data-end=\"6712\">Exig\u00e9 par les lois applicables.<\/p>\n<\/li>\n<\/ul>\n<h3 data-start=\"6719\" data-end=\"6733\">4. Consent<\/h3>\n<p data-start=\"6735\" data-end=\"6839\">Nous ne recueillons vos renseignements personnels qu&#039;apr\u00e8s avoir obtenu votre consentement. Vous pouvez retirer votre consentement \u00e0 tout moment.<\/p>\n<h3 data-start=\"6846\" data-end=\"6880\">5. Utilisation des renseignements personnels<\/h3>\n<p data-start=\"6882\" data-end=\"6906\">Nous utilisons les donn\u00e9es personnelles pour\u00a0:<\/p>\n<ul data-start=\"6908\" data-end=\"7040\">\n<li data-start=\"6908\" data-end=\"6940\">\n<p data-start=\"6910\" data-end=\"6940\">Fournir et am\u00e9liorer les services<\/p>\n<\/li>\n<li data-start=\"6941\" data-end=\"6965\">\n<p data-start=\"6943\" data-end=\"6965\">R\u00e9pondre aux demandes de renseignements<\/p>\n<\/li>\n<li data-start=\"6966\" data-end=\"7000\">\n<p data-start=\"6968\" data-end=\"7000\">Fournir des mises \u00e0 jour administratives<\/p>\n<\/li>\n<li data-start=\"7001\" data-end=\"7040\">\n<p data-start=\"7003\" data-end=\"7040\">Prot\u00e9gez notre site et emp\u00eachez toute utilisation abusive.<\/p>\n<\/li>\n<\/ul>\n<p data-start=\"7042\" data-end=\"7125\">Nous n&#039;utilisons pas les donn\u00e9es personnelles pour cr\u00e9er des profils commerciaux sans consentement explicite.<\/p>\n<h3 data-start=\"7132\" data-end=\"7159\">6. Cookies et suivi<\/h3>\n<p data-start=\"7161\" data-end=\"7238\">Nous utilisons des cookies pour am\u00e9liorer votre exp\u00e9rience et recueillir des informations sur l&#039;utilisation du site.<\/p>\n<p data-start=\"7240\" data-end=\"7376\">Les cookies non essentiels ne sont activ\u00e9s qu&#039;avec votre autorisation. <strong data-start=\"7291\" data-end=\"7311\">consentement explicite<\/strong>, conform\u00e9ment \u00e0 la loi 25.<\/p>\n<p data-start=\"7378\" data-end=\"7442\">Vous pouvez g\u00e9rer vos pr\u00e9f\u00e9rences en mati\u00e8re de cookies via les param\u00e8tres de votre navigateur.<\/p>\n<h3 data-start=\"7449\" data-end=\"7478\">7. Partage d&#039;informations<\/h3>\n<p data-start=\"7480\" data-end=\"7542\">Nous ne vendons ni ne louons vos informations personnelles \u00e0 des tiers.<\/p>\n<p data-start=\"7544\" data-end=\"7567\">Nous pouvons partager des donn\u00e9es avec\u00a0:<\/p>\n<ul data-start=\"7569\" data-end=\"7666\">\n<li data-start=\"7569\" data-end=\"7619\">\n<p data-start=\"7571\" data-end=\"7619\">Les prestataires de services qui nous aident dans nos services<\/p>\n<\/li>\n<li data-start=\"7620\" data-end=\"7666\">\n<p data-start=\"7622\" data-end=\"7666\">application de la loi ou organismes de r\u00e9glementation lorsque cela est n\u00e9cessaire<\/p>\n<\/li>\n<\/ul>\n<p data-start=\"7668\" data-end=\"7738\">Tous les tiers doivent respecter des obligations de confidentialit\u00e9 strictes.<\/p>\n<h3 data-start=\"7745\" data-end=\"7766\">8. Conservation des donn\u00e9es<\/h3>\n<p data-start=\"7768\" data-end=\"7933\">Les informations personnelles ne sont conserv\u00e9es que le temps n\u00e9cessaire \u00e0 la r\u00e9alisation de leur finalit\u00e9 ou au respect des obligations l\u00e9gales, apr\u00e8s quoi elles sont supprim\u00e9es ou anonymis\u00e9es de mani\u00e8re s\u00e9curis\u00e9e.<\/p>\n<h3 data-start=\"7940\" data-end=\"7960\">9. S\u00e9curit\u00e9 des donn\u00e9es<\/h3>\n<p data-start=\"7962\" data-end=\"8071\">Nous mettons en \u0153uvre des mesures de s\u00e9curit\u00e9 raisonnables pour prot\u00e9ger les donn\u00e9es personnelles contre tout acc\u00e8s, perte ou divulgation non autoris\u00e9s.<\/p>\n<h3 data-start=\"8078\" data-end=\"8103\">10. Gestion des violations<\/h3>\n<p data-start=\"8105\" data-end=\"8172\">En cas d\u2019atteinte \u00e0 la vie priv\u00e9e pr\u00e9sentant un risque de pr\u00e9judice grave, nous proc\u00e9derons comme suit\u00a0:<\/p>\n<ul data-start=\"8174\" data-end=\"8328\">\n<li data-start=\"8174\" data-end=\"8194\">\n<p data-start=\"8176\" data-end=\"8194\">Consignez l&#039;incident<\/p>\n<\/li>\n<li data-start=\"8195\" data-end=\"8223\">\n<p data-start=\"8197\" data-end=\"8223\">Prendre des mesures correctives<\/p>\n<\/li>\n<li data-start=\"8224\" data-end=\"8328\">\n<p data-start=\"8226\" data-end=\"8328\">Avertir les autorit\u00e9s comp\u00e9tentes et les personnes concern\u00e9es, le cas \u00e9ch\u00e9ant.<\/p>\n<\/li>\n<\/ul>\n<h3 data-start=\"8335\" data-end=\"8354\">11. Vos droits<\/h3>\n<p data-start=\"8356\" data-end=\"8378\">Vous avez le droit de\u00a0:<\/p>\n<ul data-start=\"8380\" data-end=\"8499\">\n<li data-start=\"8380\" data-end=\"8416\">\n<p data-start=\"8382\" data-end=\"8416\">Acc\u00e9dez \u00e0 vos informations personnelles<\/p>\n<\/li>\n<li data-start=\"8417\" data-end=\"8451\">\n<p data-start=\"8419\" data-end=\"8451\">Demande de correction ou de suppression<\/p>\n<\/li>\n<li data-start=\"8452\" data-end=\"8472\">\n<p data-start=\"8454\" data-end=\"8472\">Retirer mon consentement<\/p>\n<\/li>\n<li data-start=\"8473\" data-end=\"8499\">\n<p data-start=\"8475\" data-end=\"8499\">Demande de portabilit\u00e9 des donn\u00e9es<\/p>\n<\/li>\n<\/ul>\n<p data-start=\"8501\" data-end=\"8555\">Pour exercer vos droits, contactez\u00a0: <strong data-start=\"8535\" data-end=\"8555\"><a class=\"decorated-link cursor-pointer\" rel=\"noopener\" data-start=\"8537\" data-end=\"8553\">info@bografik.ca<\/a><\/strong><\/p>\n<h3 data-start=\"8562\" data-end=\"8584\">12. Mises \u00e0 jour des politiques<\/h3>\n<p data-start=\"8586\" data-end=\"8674\">Cette politique peut \u00eatre mise \u00e0 jour de temps \u00e0 autre, et les versions r\u00e9vis\u00e9es seront publi\u00e9es sur cette page.<\/p>\n<p><!-- \/wp:paragraph --><\/p>\t\t\t\t\t\t\t\t<\/div>\n\t\t\t\t<\/div>\n\t\t\t\t<\/div>\n\t\t\t\t\t<\/div>\n\t\t\t\t<\/div>\n\t\t\t\t<\/div>","protected":false},"excerpt":{"rendered":"<p>Last updated: January 27, 2026 At Bografik Creations (\u201cwe\u201d, \u201cour\u201d), protecting your personal information and privacy is a priority. This Privacy Policy outlines how we collect, use, disclose, retain, and safeguard personal information in compliance with Quebec\u2019s Law 25 and applicable privacy laws. 1. Privacy Officer We have appointed a Privacy Officer responsible for ensuring [&hellip;]<\/p>\n","protected":false},"author":1,"featured_media":0,"parent":0,"menu_order":0,"comment_status":"closed","ping_status":"closed","template":"elementor_header_footer","meta":{"nf_dc_page":"","footnotes":""},"class_list":["post-30","page","type-page","status-publish","hentry"],"yoast_head":"<!-- This site is optimized with the Yoast SEO Premium plugin v22.2 (Yoast SEO v27.4) - https:\/\/yoast.com\/product\/yoast-seo-premium-wordpress\/ -->\n<title>Privacy Policy | BoGrafik\u00ae<\/title>\n<meta name=\"description\" content=\"Any questions, concerns, or complaints regarding this Policy, or if you wish to exercise your rights, we encourage you to contact us.\" \/>\n<meta name=\"robots\" content=\"index, follow, max-snippet:-1, max-image-preview:large, max-video-preview:-1\" \/>\n<link rel=\"canonical\" href=\"https:\/\/bografik.ca\/fr\/privacy-policy\/\" \/>\n<meta property=\"og:locale\" content=\"fr_CA\" \/>\n<meta property=\"og:type\" content=\"article\" \/>\n<meta property=\"og:title\" content=\"Privacy Policy\" \/>\n<meta property=\"og:description\" content=\"Any questions, concerns, or complaints regarding this Policy, or if you wish to exercise your rights, we encourage you to contact us.\" \/>\n<meta property=\"og:url\" content=\"https:\/\/bografik.ca\/fr\/privacy-policy\/\" \/>\n<meta property=\"og:site_name\" content=\"BoGrafik\" \/>\n<meta property=\"article:publisher\" content=\"https:\/\/www.facebook.com\/profile.php?id=100095561349352\" \/>\n<meta property=\"article:modified_time\" content=\"2026-01-27T17:02:16+00:00\" \/>\n<meta property=\"og:image\" content=\"https:\/\/bografik.ca\/wp-content\/uploads\/2023\/08\/bografik-digital-privacy-300x169.png\" \/>\n<meta name=\"twitter:card\" content=\"summary_large_image\" \/>\n<meta name=\"twitter:label1\" content=\"Estimation du temps de lecture\" \/>\n\t<meta name=\"twitter:data1\" content=\"3 minutes\" \/>\n<script type=\"application\/ld+json\" class=\"yoast-schema-graph\">{\"@context\":\"https:\\\/\\\/schema.org\",\"@graph\":[{\"@type\":\"WebPage\",\"@id\":\"https:\\\/\\\/bografik.ca\\\/privacy-policy\\\/\",\"url\":\"https:\\\/\\\/bografik.ca\\\/privacy-policy\\\/\",\"name\":\"Privacy Policy | BoGrafik\u00ae\",\"isPartOf\":{\"@id\":\"https:\\\/\\\/bografik.ca\\\/#website\"},\"primaryImageOfPage\":{\"@id\":\"https:\\\/\\\/bografik.ca\\\/privacy-policy\\\/#primaryimage\"},\"image\":{\"@id\":\"https:\\\/\\\/bografik.ca\\\/privacy-policy\\\/#primaryimage\"},\"thumbnailUrl\":\"https:\\\/\\\/bografik.ca\\\/wp-content\\\/uploads\\\/2023\\\/08\\\/bografik-digital-privacy-300x169.png\",\"datePublished\":\"2023-07-29T19:18:39+00:00\",\"dateModified\":\"2026-01-27T17:02:16+00:00\",\"description\":\"Any questions, concerns, or complaints regarding this Policy, or if you wish to exercise your rights, we encourage you to contact us.\",\"breadcrumb\":{\"@id\":\"https:\\\/\\\/bografik.ca\\\/privacy-policy\\\/#breadcrumb\"},\"inLanguage\":\"fr-CA\",\"potentialAction\":[{\"@type\":\"ReadAction\",\"target\":[\"https:\\\/\\\/bografik.ca\\\/privacy-policy\\\/\"]}]},{\"@type\":\"ImageObject\",\"inLanguage\":\"fr-CA\",\"@id\":\"https:\\\/\\\/bografik.ca\\\/privacy-policy\\\/#primaryimage\",\"url\":\"https:\\\/\\\/bografik.ca\\\/wp-content\\\/uploads\\\/2023\\\/08\\\/bografik-digital-privacy-300x169.png\",\"contentUrl\":\"https:\\\/\\\/bografik.ca\\\/wp-content\\\/uploads\\\/2023\\\/08\\\/bografik-digital-privacy-300x169.png\"},{\"@type\":\"BreadcrumbList\",\"@id\":\"https:\\\/\\\/bografik.ca\\\/privacy-policy\\\/#breadcrumb\",\"itemListElement\":[{\"@type\":\"ListItem\",\"position\":1,\"name\":\"Home\",\"item\":\"https:\\\/\\\/bografik.ca\\\/\"},{\"@type\":\"ListItem\",\"position\":2,\"name\":\"Privacy Policy\"}]},{\"@type\":\"WebSite\",\"@id\":\"https:\\\/\\\/bografik.ca\\\/#website\",\"url\":\"https:\\\/\\\/bografik.ca\\\/\",\"name\":\"BoGrafik\",\"description\":\"bografik.ca\",\"publisher\":{\"@id\":\"https:\\\/\\\/bografik.ca\\\/#\\\/schema\\\/person\\\/58f7b739bcdb011115fcf2416aa69ae3\"},\"potentialAction\":[{\"@type\":\"SearchAction\",\"target\":{\"@type\":\"EntryPoint\",\"urlTemplate\":\"https:\\\/\\\/bografik.ca\\\/?s={search_term_string}\"},\"query-input\":{\"@type\":\"PropertyValueSpecification\",\"valueRequired\":true,\"valueName\":\"search_term_string\"}}],\"inLanguage\":\"fr-CA\"},{\"@type\":[\"Person\",\"Organization\"],\"@id\":\"https:\\\/\\\/bografik.ca\\\/#\\\/schema\\\/person\\\/58f7b739bcdb011115fcf2416aa69ae3\",\"name\":\"BoGrafik\",\"image\":{\"@type\":\"ImageObject\",\"inLanguage\":\"fr-CA\",\"@id\":\"https:\\\/\\\/i0.wp.com\\\/bografik.ca\\\/wp-content\\\/uploads\\\/2023\\\/08\\\/bografik-creations-logo.png?fit=1500%2C500&ssl=1\",\"url\":\"https:\\\/\\\/i0.wp.com\\\/bografik.ca\\\/wp-content\\\/uploads\\\/2023\\\/08\\\/bografik-creations-logo.png?fit=1500%2C500&ssl=1\",\"contentUrl\":\"https:\\\/\\\/i0.wp.com\\\/bografik.ca\\\/wp-content\\\/uploads\\\/2023\\\/08\\\/bografik-creations-logo.png?fit=1500%2C500&ssl=1\",\"width\":1500,\"height\":500,\"caption\":\"BoGrafik\"},\"logo\":{\"@id\":\"https:\\\/\\\/i0.wp.com\\\/bografik.ca\\\/wp-content\\\/uploads\\\/2023\\\/08\\\/bografik-creations-logo.png?fit=1500%2C500&ssl=1\"},\"sameAs\":[\"https:\\\/\\\/bografik.ca\\\/\",\"https:\\\/\\\/www.facebook.com\\\/profile.php?id=100095561349352\",\"https:\\\/\\\/www.instagram.com\\\/bografik.ca\\\/\"]}]}<\/script>\n<!-- \/ Yoast SEO Premium plugin. -->","yoast_head_json":{"title":"Privacy Policy | BoGrafik\u00ae","description":"Any questions, concerns, or complaints regarding this Policy, or if you wish to exercise your rights, we encourage you to contact us.","robots":{"index":"index","follow":"follow","max-snippet":"max-snippet:-1","max-image-preview":"max-image-preview:large","max-video-preview":"max-video-preview:-1"},"canonical":"https:\/\/bografik.ca\/fr\/privacy-policy\/","og_locale":"fr_CA","og_type":"article","og_title":"Privacy Policy","og_description":"Any questions, concerns, or complaints regarding this Policy, or if you wish to exercise your rights, we encourage you to contact us.","og_url":"https:\/\/bografik.ca\/fr\/privacy-policy\/","og_site_name":"BoGrafik","article_publisher":"https:\/\/www.facebook.com\/profile.php?id=100095561349352","article_modified_time":"2026-01-27T17:02:16+00:00","og_image":[{"url":"https:\/\/bografik.ca\/wp-content\/uploads\/2023\/08\/bografik-digital-privacy-300x169.png","type":"","width":"","height":""}],"twitter_card":"summary_large_image","twitter_misc":{"Estimation du temps de lecture":"3 minutes"},"schema":{"@context":"https:\/\/schema.org","@graph":[{"@type":"WebPage","@id":"https:\/\/bografik.ca\/privacy-policy\/","url":"https:\/\/bografik.ca\/privacy-policy\/","name":"Privacy Policy | BoGrafik\u00ae","isPartOf":{"@id":"https:\/\/bografik.ca\/#website"},"primaryImageOfPage":{"@id":"https:\/\/bografik.ca\/privacy-policy\/#primaryimage"},"image":{"@id":"https:\/\/bografik.ca\/privacy-policy\/#primaryimage"},"thumbnailUrl":"https:\/\/bografik.ca\/wp-content\/uploads\/2023\/08\/bografik-digital-privacy-300x169.png","datePublished":"2023-07-29T19:18:39+00:00","dateModified":"2026-01-27T17:02:16+00:00","description":"Any questions, concerns, or complaints regarding this Policy, or if you wish to exercise your rights, we encourage you to contact us.","breadcrumb":{"@id":"https:\/\/bografik.ca\/privacy-policy\/#breadcrumb"},"inLanguage":"fr-CA","potentialAction":[{"@type":"ReadAction","target":["https:\/\/bografik.ca\/privacy-policy\/"]}]},{"@type":"ImageObject","inLanguage":"fr-CA","@id":"https:\/\/bografik.ca\/privacy-policy\/#primaryimage","url":"https:\/\/bografik.ca\/wp-content\/uploads\/2023\/08\/bografik-digital-privacy-300x169.png","contentUrl":"https:\/\/bografik.ca\/wp-content\/uploads\/2023\/08\/bografik-digital-privacy-300x169.png"},{"@type":"BreadcrumbList","@id":"https:\/\/bografik.ca\/privacy-policy\/#breadcrumb","itemListElement":[{"@type":"ListItem","position":1,"name":"Home","item":"https:\/\/bografik.ca\/"},{"@type":"ListItem","position":2,"name":"Privacy Policy"}]},{"@type":"WebSite","@id":"https:\/\/bografik.ca\/#website","url":"https:\/\/bografik.ca\/","name":"BoGraphik","description":"bografik.ca","publisher":{"@id":"https:\/\/bografik.ca\/#\/schema\/person\/58f7b739bcdb011115fcf2416aa69ae3"},"potentialAction":[{"@type":"SearchAction","target":{"@type":"EntryPoint","urlTemplate":"https:\/\/bografik.ca\/?s={search_term_string}"},"query-input":{"@type":"PropertyValueSpecification","valueRequired":true,"valueName":"search_term_string"}}],"inLanguage":"fr-CA"},{"@type":["Person","Organization"],"@id":"https:\/\/bografik.ca\/#\/schema\/person\/58f7b739bcdb011115fcf2416aa69ae3","name":"BoGraphik","image":{"@type":"ImageObject","inLanguage":"fr-CA","@id":"https:\/\/i0.wp.com\/bografik.ca\/wp-content\/uploads\/2023\/08\/bografik-creations-logo.png?fit=1500%2C500&ssl=1","url":"https:\/\/i0.wp.com\/bografik.ca\/wp-content\/uploads\/2023\/08\/bografik-creations-logo.png?fit=1500%2C500&ssl=1","contentUrl":"https:\/\/i0.wp.com\/bografik.ca\/wp-content\/uploads\/2023\/08\/bografik-creations-logo.png?fit=1500%2C500&ssl=1","width":1500,"height":500,"caption":"BoGrafik"},"logo":{"@id":"https:\/\/i0.wp.com\/bografik.ca\/wp-content\/uploads\/2023\/08\/bografik-creations-logo.png?fit=1500%2C500&ssl=1"},"sameAs":["https:\/\/bografik.ca\/","https:\/\/www.facebook.com\/profile.php?id=100095561349352","https:\/\/www.instagram.com\/bografik.ca\/"]}]}},"jetpack_sharing_enabled":true,"jetpack_likes_enabled":true,"_links":{"self":[{"href":"https:\/\/bografik.ca\/fr\/wp-json\/wp\/v2\/pages\/30","targetHints":{"allow":["GET"]}}],"collection":[{"href":"https:\/\/bografik.ca\/fr\/wp-json\/wp\/v2\/pages"}],"about":[{"href":"https:\/\/bografik.ca\/fr\/wp-json\/wp\/v2\/types\/page"}],"author":[{"embeddable":true,"href":"https:\/\/bografik.ca\/fr\/wp-json\/wp\/v2\/users\/1"}],"replies":[{"embeddable":true,"href":"https:\/\/bografik.ca\/fr\/wp-json\/wp\/v2\/comments?post=30"}],"version-history":[{"count":8,"href":"https:\/\/bografik.ca\/fr\/wp-json\/wp\/v2\/pages\/30\/revisions"}],"predecessor-version":[{"id":1455,"href":"https:\/\/bografik.ca\/fr\/wp-json\/wp\/v2\/pages\/30\/revisions\/1455"}],"wp:attachment":[{"href":"https:\/\/bografik.ca\/fr\/wp-json\/wp\/v2\/media?parent=30"}],"curies":[{"name":"wp","href":"https:\/\/api.w.org\/{rel}","templated":true}]}}